{"id":510,"date":"2016-12-21T13:56:03","date_gmt":"2016-12-21T10:56:03","guid":{"rendered":"http:\/\/morahita.mg\/?page_id=510"},"modified":"2026-02-16T13:20:57","modified_gmt":"2026-02-16T10:20:57","slug":"activities","status":"publish","type":"page","link":"https:\/\/morahita.mg\/en\/activities\/","title":{"rendered":"Activities"},"content":{"rendered":"<h5>\u00a0<span style=\"color: #333333;\">Your hosts will offer you many activities:<\/span><\/h5>\n<ul>\n<li>\n<h6><span style=\"color: #333333;\">Visit the city and its surroundings<\/span><\/h6>\n<\/li>\n<\/ul>\n<p style=\"padding-left: 60px;\">\n\t<div class=\"slideshow_container slideshow_container_style-light\" style=\"height: 600px; \" data-slideshow-id=\"289\" data-style-name=\"style-light\" data-style-version=\"2.3.1\" data-settings=\"{&quot;animation&quot;:&quot;crossFade&quot;,&quot;slideSpeed&quot;:&quot;0.5&quot;,&quot;descriptionSpeed&quot;:&quot;0.4&quot;,&quot;intervalSpeed&quot;:&quot;5&quot;,&quot;slidesPerView&quot;:&quot;1&quot;,&quot;maxWidth&quot;:&quot;0&quot;,&quot;aspectRatio&quot;:&quot;3:1&quot;,&quot;height&quot;:&quot;600&quot;,&quot;imageBehaviour&quot;:&quot;stretch&quot;,&quot;showDescription&quot;:&quot;true&quot;,&quot;hideDescription&quot;:&quot;true&quot;,&quot;preserveSlideshowDimensions&quot;:&quot;false&quot;,&quot;enableResponsiveness&quot;:&quot;true&quot;,&quot;play&quot;:&quot;true&quot;,&quot;loop&quot;:&quot;true&quot;,&quot;pauseOnHover&quot;:&quot;true&quot;,&quot;controllable&quot;:&quot;true&quot;,&quot;hideNavigationButtons&quot;:&quot;false&quot;,&quot;showPagination&quot;:&quot;true&quot;,&quot;hidePagination&quot;:&quot;true&quot;,&quot;controlPanel&quot;:&quot;false&quot;,&quot;hideControlPanel&quot;:&quot;true&quot;,&quot;waitUntilLoaded&quot;:&quot;true&quot;,&quot;showLoadingIcon&quot;:&quot;true&quot;,&quot;random&quot;:&quot;false&quot;,&quot;avoidFilter&quot;:&quot;true&quot;}\">\n\n\t\t\t\t\t<div class=\"slideshow_loading_icon\"><\/div>\n\t\t\n\t\t<div class=\"slideshow_content\" style=\"display: none;\">\n\n\t\t\t<div class=\"slideshow_view\">\n\t\t\t\t<div class=\"slideshow_slide slideshow_slide_image\">\n\t\t\t\t\t\t\t\t\t\t\t<img src=\"https:\/\/morahita.mg\/wp-content\/uploads\/2016\/06\/Fotolia_19169083_S-1.jpg\" alt=\"Lac Tritriva\" width=\"849\" height=\"566\" \/>\n\t\t\t\t\t\t\t\t\t\t<div class=\"slideshow_description_box slideshow_transparent\">\n\t\t\t\t\t\t<h3 class=\"slideshow_title\">Lac Tritriva<\/h3>\t\t\t\t\t\t\t\t\t\t\t<\/div>\n\t\t\t\t<\/div>\n\n\t\t\t\t\t\t<div style=\"clear: both;\"><\/div><\/div><div class=\"slideshow_view\">\n\t\t\t\t<div class=\"slideshow_slide slideshow_slide_image\">\n\t\t\t\t\t\t\t\t\t\t\t<img src=\"https:\/\/morahita.mg\/wp-content\/uploads\/2016\/06\/Fotolia_39425548_S.jpg\" alt=\"Pousse-Pousse\" width=\"849\" height=\"566\" \/>\n\t\t\t\t\t\t\t\t\t\t<div class=\"slideshow_description_box slideshow_transparent\">\n\t\t\t\t\t\t<h3 class=\"slideshow_title\">Pousse-Pousse<\/h3>\t\t\t\t\t\t\t\t\t\t\t<\/div>\n\t\t\t\t<\/div>\n\n\t\t\t\t\t\t<div style=\"clear: both;\"><\/div><\/div><div class=\"slideshow_view\">\n\t\t\t\t<div class=\"slideshow_slide slideshow_slide_image\">\n\t\t\t\t\t\t\t\t\t\t\t<img src=\"https:\/\/morahita.mg\/wp-content\/uploads\/2016\/06\/village-campagne.jpg\" alt=\"ARENA\" width=\"1632\" height=\"1224\" \/>\n\t\t\t\t\t\t\t\t\t\t<div class=\"slideshow_description_box slideshow_transparent\">\n\t\t\t\t\t\t<h3 class=\"slideshow_title\">ARENA<\/h3>\t\t\t\t\t\t\t\t\t\t\t<\/div>\n\t\t\t\t<\/div>\n\n\t\t\t\t\t\t<div style=\"clear: both;\"><\/div><\/div>\n\t\t<\/div>\n\n\t\t<div class=\"slideshow_controlPanel slideshow_transparent\" style=\"display: none;\"><ul><li class=\"slideshow_togglePlay\" data-play-text=\"Play\" data-pause-text=\"Pause\"><\/li><\/ul><\/div>\n\n\t\t<div class=\"slideshow_button slideshow_previous slideshow_transparent\" role=\"button\" data-previous-text=\"Previous\" style=\"display: none;\"><\/div>\n\t\t<div class=\"slideshow_button slideshow_next slideshow_transparent\" role=\"button\" data-next-text=\"Next\" style=\"display: none;\"><\/div>\n\n\t\t<div class=\"slideshow_pagination\" style=\"display: none;\" data-go-to-text=\"Go to slide\"><div class=\"slideshow_pagination_center\"><\/div><\/div>\n\n\t\t<!-- WordPress Slideshow Version 2.3.1 -->\n\n\t\t\t<\/div>\n\n<\/p>\n<ul>\n<li>\n<h6><span style=\"color: #333333;\">Walks with <a href=\"https:\/\/www.facebook.com\/tropicbikers\/\" target=\"_blank\" rel=\"noopener\">Tropic Bikers<\/a><\/span><\/h6>\n<\/li>\n<\/ul>\n<p style=\"padding-left: 60px;\"><span style=\"color: #333333;\">\n\t<div class=\"slideshow_container slideshow_container_style-light\" style=\"height: 600px; \" data-slideshow-id=\"255\" data-style-name=\"style-light\" data-style-version=\"2.3.1\" data-settings=\"{&quot;animation&quot;:&quot;crossFade&quot;,&quot;slideSpeed&quot;:&quot;0.5&quot;,&quot;descriptionSpeed&quot;:&quot;0.4&quot;,&quot;intervalSpeed&quot;:&quot;5&quot;,&quot;slidesPerView&quot;:&quot;1&quot;,&quot;maxWidth&quot;:&quot;0&quot;,&quot;aspectRatio&quot;:&quot;3:1&quot;,&quot;height&quot;:&quot;600&quot;,&quot;imageBehaviour&quot;:&quot;stretch&quot;,&quot;showDescription&quot;:&quot;true&quot;,&quot;hideDescription&quot;:&quot;true&quot;,&quot;preserveSlideshowDimensions&quot;:&quot;false&quot;,&quot;enableResponsiveness&quot;:&quot;true&quot;,&quot;play&quot;:&quot;true&quot;,&quot;loop&quot;:&quot;true&quot;,&quot;pauseOnHover&quot;:&quot;true&quot;,&quot;controllable&quot;:&quot;true&quot;,&quot;hideNavigationButtons&quot;:&quot;false&quot;,&quot;showPagination&quot;:&quot;true&quot;,&quot;hidePagination&quot;:&quot;true&quot;,&quot;controlPanel&quot;:&quot;false&quot;,&quot;hideControlPanel&quot;:&quot;true&quot;,&quot;waitUntilLoaded&quot;:&quot;true&quot;,&quot;showLoadingIcon&quot;:&quot;true&quot;,&quot;random&quot;:&quot;false&quot;,&quot;avoidFilter&quot;:&quot;true&quot;}\">\n\n\t\t\t\t\t<div class=\"slideshow_loading_icon\"><\/div>\n\t\t\n\t\t<div class=\"slideshow_content\" style=\"display: none;\">\n\n\t\t\t<div class=\"slideshow_view\">\n\t\t\t\t<div class=\"slideshow_slide slideshow_slide_image\">\n\t\t\t\t\t\t\t\t\t\t\t<img src=\"https:\/\/morahita.mg\/wp-content\/uploads\/2015\/05\/randonn\u00e9s.jpg\" alt=\"randonn\u00e9es VTT\" width=\"960\" height=\"640\" \/>\n\t\t\t\t\t\t\t\t\t\t<div class=\"slideshow_description_box slideshow_transparent\">\n\t\t\t\t\t\t<h3 class=\"slideshow_title\">randonn\u00e9es VTT<\/h3>\t\t\t\t\t\t\t\t\t\t\t<\/div>\n\t\t\t\t<\/div>\n\n\t\t\t\t\t\t<div style=\"clear: both;\"><\/div><\/div><div class=\"slideshow_view\">\n\t\t\t\t<div class=\"slideshow_slide slideshow_slide_image\">\n\t\t\t\t\t\t\t\t\t\t\t<img src=\"https:\/\/morahita.mg\/wp-content\/uploads\/2016\/06\/morahita-tropic.jpg\" alt=\"randonn\u00e9es VTT\" width=\"960\" height=\"692\" \/>\n\t\t\t\t\t\t\t\t\t\t<div class=\"slideshow_description_box slideshow_transparent\">\n\t\t\t\t\t\t<h3 class=\"slideshow_title\">randonn\u00e9es VTT<\/h3>\t\t\t\t\t\t\t\t\t\t\t<\/div>\n\t\t\t\t<\/div>\n\n\t\t\t\t\t\t<div style=\"clear: both;\"><\/div><\/div>\n\t\t<\/div>\n\n\t\t<div class=\"slideshow_controlPanel slideshow_transparent\" style=\"display: none;\"><ul><li class=\"slideshow_togglePlay\" data-play-text=\"Play\" data-pause-text=\"Pause\"><\/li><\/ul><\/div>\n\n\t\t<div class=\"slideshow_button slideshow_previous slideshow_transparent\" role=\"button\" data-previous-text=\"Previous\" style=\"display: none;\"><\/div>\n\t\t<div class=\"slideshow_button slideshow_next slideshow_transparent\" role=\"button\" data-next-text=\"Next\" style=\"display: none;\"><\/div>\n\n\t\t<div class=\"slideshow_pagination\" style=\"display: none;\" data-go-to-text=\"Go to slide\"><div class=\"slideshow_pagination_center\"><\/div><\/div>\n\n\t\t<!-- WordPress Slideshow Version 2.3.1 -->\n\n\t\t\t<\/div>\n\n<\/span><\/p>\n<ul>\n<li>\n<h6><span style=\"color: #333333;\">Rental space for events:<br \/>\nParties, weddings, baptisms, receptions, etc. ..<br \/>\n<\/span><\/h6>\n<p><span id=\"result_box\" class=\"\" lang=\"en\" tabindex=\"-1\"><\/span><span id=\"result_box\" class=\"\" lang=\"en\" tabindex=\"-1\"><\/span>\n\t<div class=\"slideshow_container slideshow_container_style-light\" style=\"height: 500px; \" data-slideshow-id=\"431\" data-style-name=\"style-light\" data-style-version=\"2.3.1\" data-settings=\"{&quot;animation&quot;:&quot;crossFade&quot;,&quot;slideSpeed&quot;:&quot;1&quot;,&quot;descriptionSpeed&quot;:&quot;0.4&quot;,&quot;intervalSpeed&quot;:&quot;5&quot;,&quot;slidesPerView&quot;:&quot;1&quot;,&quot;maxWidth&quot;:&quot;0&quot;,&quot;aspectRatio&quot;:&quot;3:1&quot;,&quot;height&quot;:&quot;500&quot;,&quot;imageBehaviour&quot;:&quot;crop&quot;,&quot;showDescription&quot;:&quot;true&quot;,&quot;hideDescription&quot;:&quot;true&quot;,&quot;preserveSlideshowDimensions&quot;:&quot;false&quot;,&quot;enableResponsiveness&quot;:&quot;true&quot;,&quot;play&quot;:&quot;true&quot;,&quot;loop&quot;:&quot;true&quot;,&quot;pauseOnHover&quot;:&quot;true&quot;,&quot;controllable&quot;:&quot;true&quot;,&quot;hideNavigationButtons&quot;:&quot;false&quot;,&quot;showPagination&quot;:&quot;true&quot;,&quot;hidePagination&quot;:&quot;false&quot;,&quot;controlPanel&quot;:&quot;false&quot;,&quot;hideControlPanel&quot;:&quot;true&quot;,&quot;waitUntilLoaded&quot;:&quot;true&quot;,&quot;showLoadingIcon&quot;:&quot;true&quot;,&quot;random&quot;:&quot;false&quot;,&quot;avoidFilter&quot;:&quot;true&quot;}\">\n\n\t\t\t\t\t<div class=\"slideshow_loading_icon\"><\/div>\n\t\t\n\t\t<div class=\"slideshow_content\" style=\"display: none;\">\n\n\t\t\t<div class=\"slideshow_view\">\n\t\t\t\t<div class=\"slideshow_slide slideshow_slide_image\">\n\t\t\t\t\t\t\t\t\t\t\t<img src=\"https:\/\/morahita.mg\/wp-content\/uploads\/2016\/07\/DSC_2363.jpg\" alt=\"mariage\" width=\"1620\" height=\"1080\" \/>\n\t\t\t\t\t\t\t\t\t\t<div class=\"slideshow_description_box slideshow_transparent\">\n\t\t\t\t\t\t<h3 class=\"slideshow_title\">mariage<\/h3>\t\t\t\t\t\t\t\t\t\t\t<\/div>\n\t\t\t\t<\/div>\n\n\t\t\t\t\t\t<div style=\"clear: both;\"><\/div><\/div><div class=\"slideshow_view\">\n\t\t\t\t<div class=\"slideshow_slide slideshow_slide_image\">\n\t\t\t\t\t\t\t\t\t\t\t<img src=\"https:\/\/morahita.mg\/wp-content\/uploads\/2016\/06\/mairage.jpg\" alt=\"mariage\" width=\"2048\" height=\"1367\" \/>\n\t\t\t\t\t\t\t\t\t\t<div class=\"slideshow_description_box slideshow_transparent\">\n\t\t\t\t\t\t<h3 class=\"slideshow_title\">mariage<\/h3>\t\t\t\t\t\t\t\t\t\t\t<\/div>\n\t\t\t\t<\/div>\n\n\t\t\t\t\t\t<div style=\"clear: both;\"><\/div><\/div><div class=\"slideshow_view\">\n\t\t\t\t<div class=\"slideshow_slide slideshow_slide_image\">\n\t\t\t\t\t\t\t\t\t\t\t<img src=\"https:\/\/morahita.mg\/wp-content\/uploads\/2016\/06\/bar.jpg\" alt=\"bar\" width=\"600\" height=\"450\" \/>\n\t\t\t\t\t\t\t\t\t\t<div class=\"slideshow_description_box slideshow_transparent\">\n\t\t\t\t\t\t<h3 class=\"slideshow_title\">bar<\/h3>\t\t\t\t\t\t\t\t\t\t\t<\/div>\n\t\t\t\t<\/div>\n\n\t\t\t\t\t\t<div style=\"clear: both;\"><\/div><\/div>\n\t\t<\/div>\n\n\t\t<div class=\"slideshow_controlPanel slideshow_transparent\" style=\"display: none;\"><ul><li class=\"slideshow_togglePlay\" data-play-text=\"Play\" data-pause-text=\"Pause\"><\/li><\/ul><\/div>\n\n\t\t<div class=\"slideshow_button slideshow_previous slideshow_transparent\" role=\"button\" data-previous-text=\"Previous\" style=\"display: none;\"><\/div>\n\t\t<div class=\"slideshow_button slideshow_next slideshow_transparent\" role=\"button\" data-next-text=\"Next\" style=\"display: none;\"><\/div>\n\n\t\t<div class=\"slideshow_pagination\" style=\"display: none;\" data-go-to-text=\"Go to slide\"><div class=\"slideshow_pagination_center\"><\/div><\/div>\n\n\t\t<!-- WordPress Slideshow Version 2.3.1 -->\n\n\t\t\t<\/div>\n\n<\/li>\n<\/ul>\n<p>&nbsp;<\/p>\n","protected":false},"excerpt":{"rendered":"<p>\u00a0Your hosts will offer you many activities: Visit the city and its surroundings Walks with Tropic Bikers Rental space for events: Parties, weddings, baptisms, receptions, etc. .. &nbsp;<\/p>\n","protected":false},"author":4,"featured_media":0,"parent":0,"menu_order":2,"comment_status":"closed","ping_status":"closed","template":"","meta":{"_locale":"en_US","_original_post":"228","footnotes":""},"class_list":["post-510","page","type-page","status-publish","hentry","en-US"],"yoast_head":"<!-- This site is optimized with the Yoast SEO plugin v26.9 - https:\/\/yoast.com\/product\/yoast-seo-wordpress\/ -->\n<title>Activities<\/title>\n<meta name=\"description\" content=\"Votre Auberge de charme \u00e0 Madagascar, location maison ou chambres individuelles chez l&#039;habitant, restauration, r\u00e9ceptions, activit\u00e9s ballade \u00e0 v\u00e9los...\" \/>\n<meta name=\"robots\" content=\"index, follow, max-snippet:-1, max-image-preview:large, max-video-preview:-1\" \/>\n<link rel=\"canonical\" href=\"https:\/\/morahita.mg\/en\/activities\/\" \/>\n<meta property=\"og:locale\" content=\"en_US\" \/>\n<meta property=\"og:type\" content=\"article\" \/>\n<meta property=\"og:title\" content=\"Activities\" \/>\n<meta property=\"og:description\" content=\"Votre Auberge de charme \u00e0 Madagascar, location maison ou chambres individuelles chez l&#039;habitant, restauration, r\u00e9ceptions, activit\u00e9s ballade \u00e0 v\u00e9los...\" \/>\n<meta property=\"og:url\" content=\"https:\/\/morahita.mg\/en\/activities\/\" \/>\n<meta property=\"og:site_name\" content=\"Auberge Morahita Antsirabe\" \/>\n<meta property=\"article:publisher\" content=\"https:\/\/www.facebook.com\/auberge.morahita\/\" \/>\n<meta property=\"article:modified_time\" content=\"2026-02-16T10:20:57+00:00\" \/>\n<meta name=\"twitter:card\" content=\"summary_large_image\" \/>\n<meta name=\"twitter:label1\" content=\"Est. reading time\" \/>\n\t<meta name=\"twitter:data1\" content=\"1 minute\" \/>\n<script type=\"application\/ld+json\" class=\"yoast-schema-graph\">{\"@context\":\"https:\/\/schema.org\",\"@graph\":[{\"@type\":\"WebPage\",\"@id\":\"https:\/\/morahita.mg\/en\/activities\/\",\"url\":\"https:\/\/morahita.mg\/en\/activities\/\",\"name\":\"Activities\",\"isPartOf\":{\"@id\":\"https:\/\/morahita.mg\/#website\"},\"datePublished\":\"2016-12-21T10:56:03+00:00\",\"dateModified\":\"2026-02-16T10:20:57+00:00\",\"description\":\"Votre Auberge de charme \u00e0 Madagascar, location maison ou chambres individuelles chez l'habitant, restauration, r\u00e9ceptions, activit\u00e9s ballade \u00e0 v\u00e9los...\",\"breadcrumb\":{\"@id\":\"https:\/\/morahita.mg\/en\/activities\/#breadcrumb\"},\"inLanguage\":\"en-US\",\"potentialAction\":[{\"@type\":\"ReadAction\",\"target\":[\"https:\/\/morahita.mg\/en\/activities\/\"]}]},{\"@type\":\"BreadcrumbList\",\"@id\":\"https:\/\/morahita.mg\/en\/activities\/#breadcrumb\",\"itemListElement\":[{\"@type\":\"ListItem\",\"position\":1,\"name\":\"Accueil\",\"item\":\"https:\/\/morahita.mg\/en\/\"},{\"@type\":\"ListItem\",\"position\":2,\"name\":\"Activities\"}]},{\"@type\":\"WebSite\",\"@id\":\"https:\/\/morahita.mg\/#website\",\"url\":\"https:\/\/morahita.mg\/\",\"name\":\"Auberge Morahita Antsirabe\",\"description\":\"Votre Auberge de charme \u00e0 Madagascar\",\"potentialAction\":[{\"@type\":\"SearchAction\",\"target\":{\"@type\":\"EntryPoint\",\"urlTemplate\":\"https:\/\/morahita.mg\/?s={search_term_string}\"},\"query-input\":{\"@type\":\"PropertyValueSpecification\",\"valueRequired\":true,\"valueName\":\"search_term_string\"}}],\"inLanguage\":\"en-US\"}]}<\/script>\n<!-- \/ Yoast SEO plugin. -->","yoast_head_json":{"title":"Activities","description":"Votre Auberge de charme \u00e0 Madagascar, location maison ou chambres individuelles chez l'habitant, restauration, r\u00e9ceptions, activit\u00e9s ballade \u00e0 v\u00e9los...","robots":{"index":"index","follow":"follow","max-snippet":"max-snippet:-1","max-image-preview":"max-image-preview:large","max-video-preview":"max-video-preview:-1"},"canonical":"https:\/\/morahita.mg\/en\/activities\/","og_locale":"en_US","og_type":"article","og_title":"Activities","og_description":"Votre Auberge de charme \u00e0 Madagascar, location maison ou chambres individuelles chez l'habitant, restauration, r\u00e9ceptions, activit\u00e9s ballade \u00e0 v\u00e9los...","og_url":"https:\/\/morahita.mg\/en\/activities\/","og_site_name":"Auberge Morahita Antsirabe","article_publisher":"https:\/\/www.facebook.com\/auberge.morahita\/","article_modified_time":"2026-02-16T10:20:57+00:00","twitter_card":"summary_large_image","twitter_misc":{"Est. reading time":"1 minute"},"schema":{"@context":"https:\/\/schema.org","@graph":[{"@type":"WebPage","@id":"https:\/\/morahita.mg\/en\/activities\/","url":"https:\/\/morahita.mg\/en\/activities\/","name":"Activities","isPartOf":{"@id":"https:\/\/morahita.mg\/#website"},"datePublished":"2016-12-21T10:56:03+00:00","dateModified":"2026-02-16T10:20:57+00:00","description":"Votre Auberge de charme \u00e0 Madagascar, location maison ou chambres individuelles chez l'habitant, restauration, r\u00e9ceptions, activit\u00e9s ballade \u00e0 v\u00e9los...","breadcrumb":{"@id":"https:\/\/morahita.mg\/en\/activities\/#breadcrumb"},"inLanguage":"en-US","potentialAction":[{"@type":"ReadAction","target":["https:\/\/morahita.mg\/en\/activities\/"]}]},{"@type":"BreadcrumbList","@id":"https:\/\/morahita.mg\/en\/activities\/#breadcrumb","itemListElement":[{"@type":"ListItem","position":1,"name":"Accueil","item":"https:\/\/morahita.mg\/en\/"},{"@type":"ListItem","position":2,"name":"Activities"}]},{"@type":"WebSite","@id":"https:\/\/morahita.mg\/#website","url":"https:\/\/morahita.mg\/","name":"Auberge Morahita Antsirabe","description":"Votre Auberge de charme \u00e0 Madagascar","potentialAction":[{"@type":"SearchAction","target":{"@type":"EntryPoint","urlTemplate":"https:\/\/morahita.mg\/?s={search_term_string}"},"query-input":{"@type":"PropertyValueSpecification","valueRequired":true,"valueName":"search_term_string"}}],"inLanguage":"en-US"}]}},"_links":{"self":[{"href":"https:\/\/morahita.mg\/wp-json\/wp\/v2\/pages\/510","targetHints":{"allow":["GET"]}}],"collection":[{"href":"https:\/\/morahita.mg\/wp-json\/wp\/v2\/pages"}],"about":[{"href":"https:\/\/morahita.mg\/wp-json\/wp\/v2\/types\/page"}],"author":[{"embeddable":true,"href":"https:\/\/morahita.mg\/wp-json\/wp\/v2\/users\/4"}],"replies":[{"embeddable":true,"href":"https:\/\/morahita.mg\/wp-json\/wp\/v2\/comments?post=510"}],"version-history":[{"count":1,"href":"https:\/\/morahita.mg\/wp-json\/wp\/v2\/pages\/510\/revisions"}],"predecessor-version":[{"id":942,"href":"https:\/\/morahita.mg\/wp-json\/wp\/v2\/pages\/510\/revisions\/942"}],"wp:attachment":[{"href":"https:\/\/morahita.mg\/wp-json\/wp\/v2\/media?parent=510"}],"curies":[{"name":"wp","href":"https:\/\/api.w.org\/{rel}","templated":true}]}}