{"id":765,"date":"2017-08-15T21:02:50","date_gmt":"2017-08-15T18:02:50","guid":{"rendered":"http:\/\/morahita.mg\/?page_id=765"},"modified":"2017-08-15T21:16:42","modified_gmt":"2017-08-15T18:16:42","slug":"morahita-inn-traduction","status":"publish","type":"page","link":"https:\/\/morahita.mg\/en\/","title":{"rendered":"Morahita Inn"},"content":{"rendered":"<p style=\"text-align: left;\">\n\t<div class=\"slideshow_container slideshow_container_style-light\" style=\"height: 500px; \" data-slideshow-id=\"239\" data-style-name=\"style-light\" data-style-version=\"2.3.1\" data-settings=\"{&quot;animation&quot;:&quot;crossFade&quot;,&quot;slideSpeed&quot;:&quot;0.5&quot;,&quot;descriptionSpeed&quot;:&quot;0.4&quot;,&quot;intervalSpeed&quot;:&quot;5&quot;,&quot;slidesPerView&quot;:&quot;1&quot;,&quot;maxWidth&quot;:&quot;0&quot;,&quot;aspectRatio&quot;:&quot;3:1&quot;,&quot;height&quot;:&quot;500&quot;,&quot;imageBehaviour&quot;:&quot;crop&quot;,&quot;showDescription&quot;:&quot;true&quot;,&quot;hideDescription&quot;:&quot;false&quot;,&quot;preserveSlideshowDimensions&quot;:&quot;false&quot;,&quot;enableResponsiveness&quot;:&quot;true&quot;,&quot;play&quot;:&quot;true&quot;,&quot;loop&quot;:&quot;true&quot;,&quot;pauseOnHover&quot;:&quot;true&quot;,&quot;controllable&quot;:&quot;true&quot;,&quot;hideNavigationButtons&quot;:&quot;true&quot;,&quot;showPagination&quot;:&quot;true&quot;,&quot;hidePagination&quot;:&quot;true&quot;,&quot;controlPanel&quot;:&quot;false&quot;,&quot;hideControlPanel&quot;:&quot;true&quot;,&quot;waitUntilLoaded&quot;:&quot;true&quot;,&quot;showLoadingIcon&quot;:&quot;true&quot;,&quot;random&quot;:&quot;false&quot;,&quot;avoidFilter&quot;:&quot;true&quot;}\">\n\n\t\t\t\t\t<div class=\"slideshow_loading_icon\"><\/div>\n\t\t\n\t\t<div class=\"slideshow_content\" style=\"display: none;\">\n\n\t\t\t<div class=\"slideshow_view\">\n\t\t\t\t<div class=\"slideshow_slide slideshow_slide_image\">\n\t\t\t\t\t\t\t\t\t\t\t<img src=\"https:\/\/morahita.mg\/wp-content\/uploads\/2018\/08\/3.jpg\" alt=\"Auberge Morahita\" width=\"6000\" height=\"4000\" \/>\n\t\t\t\t\t\t\t\t\t\t<div class=\"slideshow_description_box slideshow_transparent\">\n\t\t\t\t\t\t<div class=\"slideshow_title\">Auberge Morahita<\/div>\t\t\t\t\t\t\t\t\t\t\t<\/div>\n\t\t\t\t<\/div>\n\n\t\t\t\t\t\t<div style=\"clear: both;\"><\/div><\/div><div class=\"slideshow_view\">\n\t\t\t\t<div class=\"slideshow_slide slideshow_slide_image\">\n\t\t\t\t\t\t\t\t\t\t\t<img src=\"https:\/\/morahita.mg\/wp-content\/uploads\/2018\/08\/25.jpg\" alt=\"S\u00e9jour\" width=\"5899\" height=\"3753\" \/>\n\t\t\t\t\t\t\t\t\t\t<div class=\"slideshow_description_box slideshow_transparent\">\n\t\t\t\t\t\t<div class=\"slideshow_title\">S\u00e9jour<\/div>\t\t\t\t\t\t\t\t\t\t\t<\/div>\n\t\t\t\t<\/div>\n\n\t\t\t\t\t\t<div style=\"clear: both;\"><\/div><\/div><div class=\"slideshow_view\">\n\t\t\t\t<div class=\"slideshow_slide slideshow_slide_image\">\n\t\t\t\t\t\t\t\t\t\t\t<img src=\"https:\/\/morahita.mg\/wp-content\/uploads\/2016\/06\/2-s\u00e9jour.jpg\" alt=\"S\u00e9jour\" width=\"1200\" height=\"799\" \/>\n\t\t\t\t\t\t\t\t\t\t<div class=\"slideshow_description_box slideshow_transparent\">\n\t\t\t\t\t\t<h3 class=\"slideshow_title\">S\u00e9jour<\/h3>\t\t\t\t\t\t\t\t\t\t\t<\/div>\n\t\t\t\t<\/div>\n\n\t\t\t\t\t\t<div style=\"clear: both;\"><\/div><\/div><div class=\"slideshow_view\">\n\t\t\t\t<div class=\"slideshow_slide slideshow_slide_image\">\n\t\t\t\t\t\t\t\t\t\t\t<img src=\"https:\/\/morahita.mg\/wp-content\/uploads\/2018\/08\/47.jpg\" alt=\"Petit d\u00e9jeuner\" width=\"6000\" height=\"4000\" \/>\n\t\t\t\t\t\t\t\t\t\t<div class=\"slideshow_description_box slideshow_transparent\">\n\t\t\t\t\t\t<div class=\"slideshow_title\">Petit d\u00e9jeuner<\/div>\t\t\t\t\t\t\t\t\t\t\t<\/div>\n\t\t\t\t<\/div>\n\n\t\t\t\t\t\t<div style=\"clear: both;\"><\/div><\/div><div class=\"slideshow_view\">\n\t\t\t\t<div class=\"slideshow_slide slideshow_slide_image\">\n\t\t\t\t\t\t\t\t\t\t\t<img src=\"https:\/\/morahita.mg\/wp-content\/uploads\/2018\/08\/43.jpg\" alt=\"Salle \u00e0 manger\" width=\"5731\" height=\"3808\" \/>\n\t\t\t\t\t\t\t\t\t\t<div class=\"slideshow_description_box slideshow_transparent\">\n\t\t\t\t\t\t<div class=\"slideshow_title\">Salle \u00e0 manger<\/div>\t\t\t\t\t\t\t\t\t\t\t<\/div>\n\t\t\t\t<\/div>\n\n\t\t\t\t\t\t<div style=\"clear: both;\"><\/div><\/div><div class=\"slideshow_view\">\n\t\t\t\t<div class=\"slideshow_slide slideshow_slide_image\">\n\t\t\t\t\t\t\t\t\t\t\t<img src=\"https:\/\/morahita.mg\/wp-content\/uploads\/2018\/08\/20.jpg\" alt=\"Chalet\" width=\"5746\" height=\"3587\" \/>\n\t\t\t\t\t\t\t\t\t\t<div class=\"slideshow_description_box slideshow_transparent\">\n\t\t\t\t\t\t<div class=\"slideshow_title\">Chalet<\/div>\t\t\t\t\t\t\t\t\t\t\t<\/div>\n\t\t\t\t<\/div>\n\n\t\t\t\t\t\t<div style=\"clear: both;\"><\/div><\/div>\n\t\t<\/div>\n\n\t\t<div class=\"slideshow_controlPanel slideshow_transparent\" style=\"display: none;\"><ul><li class=\"slideshow_togglePlay\" data-play-text=\"Play\" data-pause-text=\"Pause\"><\/li><\/ul><\/div>\n\n\t\t<div class=\"slideshow_button slideshow_previous slideshow_transparent\" role=\"button\" data-previous-text=\"Previous\" style=\"display: none;\"><\/div>\n\t\t<div class=\"slideshow_button slideshow_next slideshow_transparent\" role=\"button\" data-next-text=\"Next\" style=\"display: none;\"><\/div>\n\n\t\t<div class=\"slideshow_pagination\" style=\"display: none;\" data-go-to-text=\"Go to slide\"><div class=\"slideshow_pagination_center\"><\/div><\/div>\n\n\t\t<!-- WordPress Slideshow Version 2.3.1 -->\n\n\t\t\t<\/div>\n\n<\/p>\n<h6><span style=\"color: #333333;\">Hello! welcome on board !<\/span><\/h6>\n<h6><span style=\"color: #333333;\">We are near Antsirabe town, in a close and securit area. It&#8217;s possible to hire the complete house, with 4 rooms for 3 couples and 2 children, or each rooms as you needs:<\/span><\/h6>\n<h6><span style=\"color: #333333;\">at Morahita Inn, you can stay in a nice house, zen context with your friends or family; please come in !<br \/>\n<\/span><\/h6>\n<h6><span style=\"color: #333333;\">The living room: a large cozy space, with luxurious furnishings that nevertheless reveals a rustic character. Guests have access to lounging, enjoying the peaceful surroundings, or just watching TV. They can still choose to eat there.<\/span><\/h6>\n<h6><span style=\"color: #333333;\">The relax corner, another room is still at your disposal. From here you have a breathtaking view of all the surrounding space, fields, crops. With its magnificent view, especially in the morning at sunrise, it is the ideal place for your breakfasts.<\/span><\/h6>\n<h6><span style=\"color: #333333;\">The bar: another corner to eat is outside, under the thatched chalet that truly transposes you to the countryside. In addition to the tables, there is a bar that is ready to welcome you if you prefer an open space.<\/span><\/h6>\n<h6><span style=\"color: #333333;\">The rooms: for your stay, alone, in family or among friends, the Morahita hostel adapts to your needs and will offer you the formula that best fits your expectations<\/span><\/h6>\n<h6><span style=\"color: #333333;\">The escape in a luxurious, quiet setting is offered at Morahita Inn, where a warm welcome will be reserved, a friendly atmosphere will make you feel &#8220;at home&#8221;<\/span><\/h6>\n<h6><span style=\"color: #333333;\">Enjoy it !<\/span><\/h6>\n","protected":false},"excerpt":{"rendered":"<p>Hello! welcome on board ! We are near Antsirabe town, in a close and securit area. It&#8217;s possible to hire the complete house, with 4 rooms for 3 couples and 2 children, or each rooms as you needs: at Morahita Inn, you can stay in a nice house, zen context with your friends or family; &hellip; <a href=\"https:\/\/morahita.mg\/en\/\" class=\"more-link\">Continue reading <span class=\"screen-reader-text\">Morahita Inn<\/span> <span class=\"meta-nav\">&rarr;<\/span><\/a><\/p>\n","protected":false},"author":4,"featured_media":0,"parent":0,"menu_order":2,"comment_status":"closed","ping_status":"closed","template":"","meta":{"_locale":"en_US","_original_post":"751","footnotes":""},"class_list":["post-765","page","type-page","status-publish","hentry","en-US"],"yoast_head":"<!-- This site is optimized with the Yoast SEO plugin v26.9 - https:\/\/yoast.com\/product\/yoast-seo-wordpress\/ -->\n<title>Morahita Inn<\/title>\n<meta name=\"description\" content=\"Votre Auberge de charme \u00e0 Madagascar, location maison ou chambres individuelles chez l&#039;habitant, restauration, r\u00e9ceptions, activit\u00e9s ballade \u00e0 v\u00e9los...\" \/>\n<meta name=\"robots\" content=\"index, follow, max-snippet:-1, max-image-preview:large, max-video-preview:-1\" \/>\n<link rel=\"canonical\" href=\"https:\/\/morahita.mg\/en\/\" \/>\n<meta property=\"og:locale\" content=\"en_US\" \/>\n<meta property=\"og:type\" content=\"article\" \/>\n<meta property=\"og:title\" content=\"Morahita Inn\" \/>\n<meta property=\"og:description\" content=\"Votre Auberge de charme \u00e0 Madagascar, location maison ou chambres individuelles chez l&#039;habitant, restauration, r\u00e9ceptions, activit\u00e9s ballade \u00e0 v\u00e9los...\" \/>\n<meta property=\"og:url\" content=\"https:\/\/morahita.mg\/en\/\" \/>\n<meta property=\"og:site_name\" content=\"Auberge Morahita Antsirabe\" \/>\n<meta property=\"article:publisher\" content=\"https:\/\/www.facebook.com\/auberge.morahita\/\" \/>\n<meta property=\"article:modified_time\" content=\"2017-08-15T18:16:42+00:00\" \/>\n<meta name=\"twitter:card\" content=\"summary_large_image\" \/>\n<meta name=\"twitter:label1\" content=\"Est. reading time\" \/>\n\t<meta name=\"twitter:data1\" content=\"1 minute\" \/>\n<script type=\"application\/ld+json\" class=\"yoast-schema-graph\">{\"@context\":\"https:\/\/schema.org\",\"@graph\":[{\"@type\":\"WebPage\",\"@id\":\"https:\/\/morahita.mg\/en\/\",\"url\":\"https:\/\/morahita.mg\/en\/\",\"name\":\"Morahita Inn\",\"isPartOf\":{\"@id\":\"https:\/\/morahita.mg\/#website\"},\"datePublished\":\"2017-08-15T18:02:50+00:00\",\"dateModified\":\"2017-08-15T18:16:42+00:00\",\"description\":\"Votre Auberge de charme \u00e0 Madagascar, location maison ou chambres individuelles chez l'habitant, restauration, r\u00e9ceptions, activit\u00e9s ballade \u00e0 v\u00e9los...\",\"breadcrumb\":{\"@id\":\"https:\/\/morahita.mg\/en\/#breadcrumb\"},\"inLanguage\":\"en-US\",\"potentialAction\":[{\"@type\":\"ReadAction\",\"target\":[\"https:\/\/morahita.mg\/en\/\"]}]},{\"@type\":\"BreadcrumbList\",\"@id\":\"https:\/\/morahita.mg\/en\/#breadcrumb\",\"itemListElement\":[{\"@type\":\"ListItem\",\"position\":1,\"name\":\"Accueil\",\"item\":\"https:\/\/morahita.mg\/en\/\"},{\"@type\":\"ListItem\",\"position\":2,\"name\":\"Accueil\"}]},{\"@type\":\"WebSite\",\"@id\":\"https:\/\/morahita.mg\/#website\",\"url\":\"https:\/\/morahita.mg\/\",\"name\":\"Auberge Morahita Antsirabe\",\"description\":\"Votre Auberge de charme \u00e0 Madagascar\",\"potentialAction\":[{\"@type\":\"SearchAction\",\"target\":{\"@type\":\"EntryPoint\",\"urlTemplate\":\"https:\/\/morahita.mg\/?s={search_term_string}\"},\"query-input\":{\"@type\":\"PropertyValueSpecification\",\"valueRequired\":true,\"valueName\":\"search_term_string\"}}],\"inLanguage\":\"en-US\"}]}<\/script>\n<!-- \/ Yoast SEO plugin. -->","yoast_head_json":{"title":"Morahita Inn","description":"Votre Auberge de charme \u00e0 Madagascar, location maison ou chambres individuelles chez l'habitant, restauration, r\u00e9ceptions, activit\u00e9s ballade \u00e0 v\u00e9los...","robots":{"index":"index","follow":"follow","max-snippet":"max-snippet:-1","max-image-preview":"max-image-preview:large","max-video-preview":"max-video-preview:-1"},"canonical":"https:\/\/morahita.mg\/en\/","og_locale":"en_US","og_type":"article","og_title":"Morahita Inn","og_description":"Votre Auberge de charme \u00e0 Madagascar, location maison ou chambres individuelles chez l'habitant, restauration, r\u00e9ceptions, activit\u00e9s ballade \u00e0 v\u00e9los...","og_url":"https:\/\/morahita.mg\/en\/","og_site_name":"Auberge Morahita Antsirabe","article_publisher":"https:\/\/www.facebook.com\/auberge.morahita\/","article_modified_time":"2017-08-15T18:16:42+00:00","twitter_card":"summary_large_image","twitter_misc":{"Est. reading time":"1 minute"},"schema":{"@context":"https:\/\/schema.org","@graph":[{"@type":"WebPage","@id":"https:\/\/morahita.mg\/en\/","url":"https:\/\/morahita.mg\/en\/","name":"Morahita Inn","isPartOf":{"@id":"https:\/\/morahita.mg\/#website"},"datePublished":"2017-08-15T18:02:50+00:00","dateModified":"2017-08-15T18:16:42+00:00","description":"Votre Auberge de charme \u00e0 Madagascar, location maison ou chambres individuelles chez l'habitant, restauration, r\u00e9ceptions, activit\u00e9s ballade \u00e0 v\u00e9los...","breadcrumb":{"@id":"https:\/\/morahita.mg\/en\/#breadcrumb"},"inLanguage":"en-US","potentialAction":[{"@type":"ReadAction","target":["https:\/\/morahita.mg\/en\/"]}]},{"@type":"BreadcrumbList","@id":"https:\/\/morahita.mg\/en\/#breadcrumb","itemListElement":[{"@type":"ListItem","position":1,"name":"Accueil","item":"https:\/\/morahita.mg\/en\/"},{"@type":"ListItem","position":2,"name":"Accueil"}]},{"@type":"WebSite","@id":"https:\/\/morahita.mg\/#website","url":"https:\/\/morahita.mg\/","name":"Auberge Morahita Antsirabe","description":"Votre Auberge de charme \u00e0 Madagascar","potentialAction":[{"@type":"SearchAction","target":{"@type":"EntryPoint","urlTemplate":"https:\/\/morahita.mg\/?s={search_term_string}"},"query-input":{"@type":"PropertyValueSpecification","valueRequired":true,"valueName":"search_term_string"}}],"inLanguage":"en-US"}]}},"_links":{"self":[{"href":"https:\/\/morahita.mg\/wp-json\/wp\/v2\/pages\/765","targetHints":{"allow":["GET"]}}],"collection":[{"href":"https:\/\/morahita.mg\/wp-json\/wp\/v2\/pages"}],"about":[{"href":"https:\/\/morahita.mg\/wp-json\/wp\/v2\/types\/page"}],"author":[{"embeddable":true,"href":"https:\/\/morahita.mg\/wp-json\/wp\/v2\/users\/4"}],"replies":[{"embeddable":true,"href":"https:\/\/morahita.mg\/wp-json\/wp\/v2\/comments?post=765"}],"version-history":[{"count":0,"href":"https:\/\/morahita.mg\/wp-json\/wp\/v2\/pages\/765\/revisions"}],"wp:attachment":[{"href":"https:\/\/morahita.mg\/wp-json\/wp\/v2\/media?parent=765"}],"curies":[{"name":"wp","href":"https:\/\/api.w.org\/{rel}","templated":true}]}}